



{"id":4690,"date":"2022-09-13T11:39:16","date_gmt":"2022-09-13T09:39:16","guid":{"rendered":"https:\/\/durhonechocolatier.ch\/?page_id=4690"},"modified":"2022-09-15T08:35:14","modified_gmt":"2022-09-15T06:35:14","slug":"corporate-customers","status":"publish","type":"page","link":"https:\/\/durhonechocolatier.ch\/en\/corporate-customers\/","title":{"rendered":"Corporate customers"},"content":{"rendered":"","protected":false},"excerpt":{"rendered":"","protected":false},"author":1,"featured_media":4470,"parent":0,"menu_order":0,"comment_status":"closed","ping_status":"closed","template":"templates\/template-page.php","meta":{"_acf_changed":false,"footnotes":""},"class_list":["post-4690","page","type-page","status-publish","has-post-thumbnail","hentry"],"acf":[],"yoast_head":"<!-- This site is optimized with the Yoast SEO plugin v27.3 - https:\/\/yoast.com\/product\/yoast-seo-wordpress\/ -->\n<title>Corporate customers - Du Rh\u00f4ne - Haute Chocolaterie Gen\u00e8ve - Suisse<\/title>\n<meta name=\"robots\" content=\"index, follow, max-snippet:-1, max-image-preview:large, max-video-preview:-1\" \/>\n<link rel=\"canonical\" href=\"https:\/\/durhonechocolatier.ch\/en\/corporate-customers\/\" \/>\n<meta property=\"og:locale\" content=\"en_US\" \/>\n<meta property=\"og:type\" content=\"article\" \/>\n<meta property=\"og:title\" content=\"Corporate customers - Du Rh\u00f4ne - Haute Chocolaterie Gen\u00e8ve - Suisse\" \/>\n<meta property=\"og:url\" content=\"https:\/\/durhonechocolatier.ch\/en\/corporate-customers\/\" \/>\n<meta property=\"og:site_name\" content=\"Du Rh\u00f4ne - Haute Chocolaterie Gen\u00e8ve - Suisse\" \/>\n<meta property=\"article:modified_time\" content=\"2022-09-15T06:35:14+00:00\" \/>\n<meta property=\"og:image\" content=\"https:\/\/durhonechocolatier.ch\/wp-content\/uploads\/Socialmediaoptimizedfiles-DuRho\u0302neChocolatierlaboratoireMars2020-6.jpeg\" \/>\n\t<meta property=\"og:image:width\" content=\"2048\" \/>\n\t<meta property=\"og:image:height\" content=\"1200\" \/>\n\t<meta property=\"og:image:type\" content=\"image\/jpeg\" \/>\n<meta name=\"twitter:card\" content=\"summary_large_image\" \/>\n<script type=\"application\/ld+json\" class=\"yoast-schema-graph\">{\"@context\":\"https:\\\/\\\/schema.org\",\"@graph\":[{\"@type\":\"WebPage\",\"@id\":\"https:\\\/\\\/durhonechocolatier.ch\\\/en\\\/corporate-customers\\\/\",\"url\":\"https:\\\/\\\/durhonechocolatier.ch\\\/en\\\/corporate-customers\\\/\",\"name\":\"Corporate customers - Du Rh\u00f4ne - Haute Chocolaterie Gen\u00e8ve - Suisse\",\"isPartOf\":{\"@id\":\"https:\\\/\\\/durhonechocolatier.ch\\\/#website\"},\"primaryImageOfPage\":{\"@id\":\"https:\\\/\\\/durhonechocolatier.ch\\\/en\\\/corporate-customers\\\/#primaryimage\"},\"image\":{\"@id\":\"https:\\\/\\\/durhonechocolatier.ch\\\/en\\\/corporate-customers\\\/#primaryimage\"},\"thumbnailUrl\":\"https:\\\/\\\/durhonechocolatier.ch\\\/wp-content\\\/uploads\\\/Socialmediaoptimizedfiles-DuRho\u0302neChocolatierlaboratoireMars2020-6.jpeg\",\"datePublished\":\"2022-09-13T09:39:16+00:00\",\"dateModified\":\"2022-09-15T06:35:14+00:00\",\"breadcrumb\":{\"@id\":\"https:\\\/\\\/durhonechocolatier.ch\\\/en\\\/corporate-customers\\\/#breadcrumb\"},\"inLanguage\":\"en-US\",\"potentialAction\":[{\"@type\":\"ReadAction\",\"target\":[\"https:\\\/\\\/durhonechocolatier.ch\\\/en\\\/corporate-customers\\\/\"]}]},{\"@type\":\"ImageObject\",\"inLanguage\":\"en-US\",\"@id\":\"https:\\\/\\\/durhonechocolatier.ch\\\/en\\\/corporate-customers\\\/#primaryimage\",\"url\":\"https:\\\/\\\/durhonechocolatier.ch\\\/wp-content\\\/uploads\\\/Socialmediaoptimizedfiles-DuRho\u0302neChocolatierlaboratoireMars2020-6.jpeg\",\"contentUrl\":\"https:\\\/\\\/durhonechocolatier.ch\\\/wp-content\\\/uploads\\\/Socialmediaoptimizedfiles-DuRho\u0302neChocolatierlaboratoireMars2020-6.jpeg\",\"width\":2048,\"height\":1200},{\"@type\":\"BreadcrumbList\",\"@id\":\"https:\\\/\\\/durhonechocolatier.ch\\\/en\\\/corporate-customers\\\/#breadcrumb\",\"itemListElement\":[{\"@type\":\"ListItem\",\"position\":1,\"name\":\"Accueil\",\"item\":\"https:\\\/\\\/durhonechocolatier.ch\\\/en\\\/\"},{\"@type\":\"ListItem\",\"position\":2,\"name\":\"Corporate customers\"}]},{\"@type\":\"WebSite\",\"@id\":\"https:\\\/\\\/durhonechocolatier.ch\\\/#website\",\"url\":\"https:\\\/\\\/durhonechocolatier.ch\\\/\",\"name\":\"Du Rh\u00f4ne - Haute Chocolaterie Gen\u00e8ve - Suisse\",\"description\":\"Depuis 1875, notre chocolaterie produit ses chocolats dans le respect des traditions suisses dans son atelier situ\u00e9 au c\u0153ur de Gen\u00e8ve.\",\"potentialAction\":[{\"@type\":\"SearchAction\",\"target\":{\"@type\":\"EntryPoint\",\"urlTemplate\":\"https:\\\/\\\/durhonechocolatier.ch\\\/?s={search_term_string}\"},\"query-input\":{\"@type\":\"PropertyValueSpecification\",\"valueRequired\":true,\"valueName\":\"search_term_string\"}}],\"inLanguage\":\"en-US\"}]}<\/script>\n<!-- \/ Yoast SEO plugin. -->","yoast_head_json":{"title":"Corporate customers - Du Rh\u00f4ne - Haute Chocolaterie Gen\u00e8ve - Suisse","robots":{"index":"index","follow":"follow","max-snippet":"max-snippet:-1","max-image-preview":"max-image-preview:large","max-video-preview":"max-video-preview:-1"},"canonical":"https:\/\/durhonechocolatier.ch\/en\/corporate-customers\/","og_locale":"en_US","og_type":"article","og_title":"Corporate customers - Du Rh\u00f4ne - Haute Chocolaterie Gen\u00e8ve - Suisse","og_url":"https:\/\/durhonechocolatier.ch\/en\/corporate-customers\/","og_site_name":"Du Rh\u00f4ne - Haute Chocolaterie Gen\u00e8ve - Suisse","article_modified_time":"2022-09-15T06:35:14+00:00","og_image":[{"width":2048,"height":1200,"url":"https:\/\/durhonechocolatier.ch\/wp-content\/uploads\/Socialmediaoptimizedfiles-DuRho\u0302neChocolatierlaboratoireMars2020-6.jpeg","type":"image\/jpeg"}],"twitter_card":"summary_large_image","schema":{"@context":"https:\/\/schema.org","@graph":[{"@type":"WebPage","@id":"https:\/\/durhonechocolatier.ch\/en\/corporate-customers\/","url":"https:\/\/durhonechocolatier.ch\/en\/corporate-customers\/","name":"Corporate customers - Du Rh\u00f4ne - Haute Chocolaterie Gen\u00e8ve - Suisse","isPartOf":{"@id":"https:\/\/durhonechocolatier.ch\/#website"},"primaryImageOfPage":{"@id":"https:\/\/durhonechocolatier.ch\/en\/corporate-customers\/#primaryimage"},"image":{"@id":"https:\/\/durhonechocolatier.ch\/en\/corporate-customers\/#primaryimage"},"thumbnailUrl":"https:\/\/durhonechocolatier.ch\/wp-content\/uploads\/Socialmediaoptimizedfiles-DuRho\u0302neChocolatierlaboratoireMars2020-6.jpeg","datePublished":"2022-09-13T09:39:16+00:00","dateModified":"2022-09-15T06:35:14+00:00","breadcrumb":{"@id":"https:\/\/durhonechocolatier.ch\/en\/corporate-customers\/#breadcrumb"},"inLanguage":"en-US","potentialAction":[{"@type":"ReadAction","target":["https:\/\/durhonechocolatier.ch\/en\/corporate-customers\/"]}]},{"@type":"ImageObject","inLanguage":"en-US","@id":"https:\/\/durhonechocolatier.ch\/en\/corporate-customers\/#primaryimage","url":"https:\/\/durhonechocolatier.ch\/wp-content\/uploads\/Socialmediaoptimizedfiles-DuRho\u0302neChocolatierlaboratoireMars2020-6.jpeg","contentUrl":"https:\/\/durhonechocolatier.ch\/wp-content\/uploads\/Socialmediaoptimizedfiles-DuRho\u0302neChocolatierlaboratoireMars2020-6.jpeg","width":2048,"height":1200},{"@type":"BreadcrumbList","@id":"https:\/\/durhonechocolatier.ch\/en\/corporate-customers\/#breadcrumb","itemListElement":[{"@type":"ListItem","position":1,"name":"Accueil","item":"https:\/\/durhonechocolatier.ch\/en\/"},{"@type":"ListItem","position":2,"name":"Corporate customers"}]},{"@type":"WebSite","@id":"https:\/\/durhonechocolatier.ch\/#website","url":"https:\/\/durhonechocolatier.ch\/","name":"Du Rh\u00f4ne - Haute Chocolaterie Gen\u00e8ve - Suisse","description":"Depuis 1875, notre chocolaterie produit ses chocolats dans le respect des traditions suisses dans son atelier situ\u00e9 au c\u0153ur de Gen\u00e8ve.","potentialAction":[{"@type":"SearchAction","target":{"@type":"EntryPoint","urlTemplate":"https:\/\/durhonechocolatier.ch\/?s={search_term_string}"},"query-input":{"@type":"PropertyValueSpecification","valueRequired":true,"valueName":"search_term_string"}}],"inLanguage":"en-US"}]}},"_links":{"self":[{"href":"https:\/\/durhonechocolatier.ch\/en\/wp-json\/wp\/v2\/pages\/4690","targetHints":{"allow":["GET"]}}],"collection":[{"href":"https:\/\/durhonechocolatier.ch\/en\/wp-json\/wp\/v2\/pages"}],"about":[{"href":"https:\/\/durhonechocolatier.ch\/en\/wp-json\/wp\/v2\/types\/page"}],"author":[{"embeddable":true,"href":"https:\/\/durhonechocolatier.ch\/en\/wp-json\/wp\/v2\/users\/1"}],"replies":[{"embeddable":true,"href":"https:\/\/durhonechocolatier.ch\/en\/wp-json\/wp\/v2\/comments?post=4690"}],"version-history":[{"count":22,"href":"https:\/\/durhonechocolatier.ch\/en\/wp-json\/wp\/v2\/pages\/4690\/revisions"}],"predecessor-version":[{"id":4765,"href":"https:\/\/durhonechocolatier.ch\/en\/wp-json\/wp\/v2\/pages\/4690\/revisions\/4765"}],"wp:featuredmedia":[{"embeddable":true,"href":"https:\/\/durhonechocolatier.ch\/en\/wp-json\/wp\/v2\/media\/4470"}],"wp:attachment":[{"href":"https:\/\/durhonechocolatier.ch\/en\/wp-json\/wp\/v2\/media?parent=4690"}],"curies":[{"name":"wp","href":"https:\/\/api.w.org\/{rel}","templated":true}]}}