



{"id":4714,"date":"2022-09-13T12:08:53","date_gmt":"2022-09-13T10:08:53","guid":{"rendered":"https:\/\/durhonechocolatier.ch\/?page_id=4714"},"modified":"2022-09-13T12:08:54","modified_gmt":"2022-09-13T10:08:54","slug":"blog","status":"publish","type":"page","link":"https:\/\/durhonechocolatier.ch\/en\/blog\/","title":{"rendered":"Blog"},"content":{"rendered":"","protected":false},"excerpt":{"rendered":"","protected":false},"author":1,"featured_media":0,"parent":0,"menu_order":0,"comment_status":"closed","ping_status":"closed","template":"templates\/template-page.php","meta":{"_acf_changed":false,"footnotes":""},"class_list":["post-4714","page","type-page","status-publish","hentry"],"acf":[],"yoast_head":"<!-- This site is optimized with the Yoast SEO plugin v27.3 - https:\/\/yoast.com\/product\/yoast-seo-wordpress\/ -->\n<title>Blog - Du Rh\u00f4ne - Haute Chocolaterie Gen\u00e8ve - Suisse<\/title>\n<meta name=\"robots\" content=\"index, follow, max-snippet:-1, max-image-preview:large, max-video-preview:-1\" \/>\n<link rel=\"canonical\" href=\"https:\/\/durhonechocolatier.ch\/en\/blog\/\" \/>\n<meta property=\"og:locale\" content=\"en_US\" \/>\n<meta property=\"og:type\" content=\"article\" \/>\n<meta property=\"og:title\" content=\"Blog - Du Rh\u00f4ne - Haute Chocolaterie Gen\u00e8ve - Suisse\" \/>\n<meta property=\"og:url\" content=\"https:\/\/durhonechocolatier.ch\/en\/blog\/\" \/>\n<meta property=\"og:site_name\" content=\"Du Rh\u00f4ne - Haute Chocolaterie Gen\u00e8ve - Suisse\" \/>\n<meta property=\"article:modified_time\" content=\"2022-09-13T10:08:54+00:00\" \/>\n<meta name=\"twitter:card\" content=\"summary_large_image\" \/>\n<script type=\"application\/ld+json\" class=\"yoast-schema-graph\">{\"@context\":\"https:\\\/\\\/schema.org\",\"@graph\":[{\"@type\":\"WebPage\",\"@id\":\"https:\\\/\\\/durhonechocolatier.ch\\\/en\\\/blog\\\/\",\"url\":\"https:\\\/\\\/durhonechocolatier.ch\\\/en\\\/blog\\\/\",\"name\":\"Blog - Du Rh\u00f4ne - Haute Chocolaterie Gen\u00e8ve - Suisse\",\"isPartOf\":{\"@id\":\"https:\\\/\\\/durhonechocolatier.ch\\\/#website\"},\"datePublished\":\"2022-09-13T10:08:53+00:00\",\"dateModified\":\"2022-09-13T10:08:54+00:00\",\"breadcrumb\":{\"@id\":\"https:\\\/\\\/durhonechocolatier.ch\\\/en\\\/blog\\\/#breadcrumb\"},\"inLanguage\":\"en-US\",\"potentialAction\":[{\"@type\":\"ReadAction\",\"target\":[\"https:\\\/\\\/durhonechocolatier.ch\\\/en\\\/blog\\\/\"]}]},{\"@type\":\"BreadcrumbList\",\"@id\":\"https:\\\/\\\/durhonechocolatier.ch\\\/en\\\/blog\\\/#breadcrumb\",\"itemListElement\":[{\"@type\":\"ListItem\",\"position\":1,\"name\":\"Accueil\",\"item\":\"https:\\\/\\\/durhonechocolatier.ch\\\/en\\\/\"},{\"@type\":\"ListItem\",\"position\":2,\"name\":\"Blog\"}]},{\"@type\":\"WebSite\",\"@id\":\"https:\\\/\\\/durhonechocolatier.ch\\\/#website\",\"url\":\"https:\\\/\\\/durhonechocolatier.ch\\\/\",\"name\":\"Du Rh\u00f4ne - Haute Chocolaterie Gen\u00e8ve - Suisse\",\"description\":\"Depuis 1875, notre chocolaterie produit ses chocolats dans le respect des traditions suisses dans son atelier situ\u00e9 au c\u0153ur de Gen\u00e8ve.\",\"potentialAction\":[{\"@type\":\"SearchAction\",\"target\":{\"@type\":\"EntryPoint\",\"urlTemplate\":\"https:\\\/\\\/durhonechocolatier.ch\\\/?s={search_term_string}\"},\"query-input\":{\"@type\":\"PropertyValueSpecification\",\"valueRequired\":true,\"valueName\":\"search_term_string\"}}],\"inLanguage\":\"en-US\"}]}<\/script>\n<!-- \/ Yoast SEO plugin. -->","yoast_head_json":{"title":"Blog - Du Rh\u00f4ne - Haute Chocolaterie Gen\u00e8ve - Suisse","robots":{"index":"index","follow":"follow","max-snippet":"max-snippet:-1","max-image-preview":"max-image-preview:large","max-video-preview":"max-video-preview:-1"},"canonical":"https:\/\/durhonechocolatier.ch\/en\/blog\/","og_locale":"en_US","og_type":"article","og_title":"Blog - Du Rh\u00f4ne - Haute Chocolaterie Gen\u00e8ve - Suisse","og_url":"https:\/\/durhonechocolatier.ch\/en\/blog\/","og_site_name":"Du Rh\u00f4ne - Haute Chocolaterie Gen\u00e8ve - Suisse","article_modified_time":"2022-09-13T10:08:54+00:00","twitter_card":"summary_large_image","schema":{"@context":"https:\/\/schema.org","@graph":[{"@type":"WebPage","@id":"https:\/\/durhonechocolatier.ch\/en\/blog\/","url":"https:\/\/durhonechocolatier.ch\/en\/blog\/","name":"Blog - Du Rh\u00f4ne - Haute Chocolaterie Gen\u00e8ve - Suisse","isPartOf":{"@id":"https:\/\/durhonechocolatier.ch\/#website"},"datePublished":"2022-09-13T10:08:53+00:00","dateModified":"2022-09-13T10:08:54+00:00","breadcrumb":{"@id":"https:\/\/durhonechocolatier.ch\/en\/blog\/#breadcrumb"},"inLanguage":"en-US","potentialAction":[{"@type":"ReadAction","target":["https:\/\/durhonechocolatier.ch\/en\/blog\/"]}]},{"@type":"BreadcrumbList","@id":"https:\/\/durhonechocolatier.ch\/en\/blog\/#breadcrumb","itemListElement":[{"@type":"ListItem","position":1,"name":"Accueil","item":"https:\/\/durhonechocolatier.ch\/en\/"},{"@type":"ListItem","position":2,"name":"Blog"}]},{"@type":"WebSite","@id":"https:\/\/durhonechocolatier.ch\/#website","url":"https:\/\/durhonechocolatier.ch\/","name":"Du Rh\u00f4ne - Haute Chocolaterie Gen\u00e8ve - Suisse","description":"Depuis 1875, notre chocolaterie produit ses chocolats dans le respect des traditions suisses dans son atelier situ\u00e9 au c\u0153ur de Gen\u00e8ve.","potentialAction":[{"@type":"SearchAction","target":{"@type":"EntryPoint","urlTemplate":"https:\/\/durhonechocolatier.ch\/?s={search_term_string}"},"query-input":{"@type":"PropertyValueSpecification","valueRequired":true,"valueName":"search_term_string"}}],"inLanguage":"en-US"}]}},"_links":{"self":[{"href":"https:\/\/durhonechocolatier.ch\/en\/wp-json\/wp\/v2\/pages\/4714","targetHints":{"allow":["GET"]}}],"collection":[{"href":"https:\/\/durhonechocolatier.ch\/en\/wp-json\/wp\/v2\/pages"}],"about":[{"href":"https:\/\/durhonechocolatier.ch\/en\/wp-json\/wp\/v2\/types\/page"}],"author":[{"embeddable":true,"href":"https:\/\/durhonechocolatier.ch\/en\/wp-json\/wp\/v2\/users\/1"}],"replies":[{"embeddable":true,"href":"https:\/\/durhonechocolatier.ch\/en\/wp-json\/wp\/v2\/comments?post=4714"}],"version-history":[{"count":2,"href":"https:\/\/durhonechocolatier.ch\/en\/wp-json\/wp\/v2\/pages\/4714\/revisions"}],"predecessor-version":[{"id":4716,"href":"https:\/\/durhonechocolatier.ch\/en\/wp-json\/wp\/v2\/pages\/4714\/revisions\/4716"}],"wp:attachment":[{"href":"https:\/\/durhonechocolatier.ch\/en\/wp-json\/wp\/v2\/media?parent=4714"}],"curies":[{"name":"wp","href":"https:\/\/api.w.org\/{rel}","templated":true}]}}