



{"id":5099,"date":"2023-07-28T09:26:23","date_gmt":"2023-07-28T07:26:23","guid":{"rendered":"https:\/\/durhonechocolatier.ch\/?page_id=5099"},"modified":"2023-10-25T12:30:13","modified_gmt":"2023-10-25T10:30:13","slug":"terms-of-delivery","status":"publish","type":"page","link":"https:\/\/durhonechocolatier.ch\/en\/terms-of-delivery\/","title":{"rendered":"Terms of delivery"},"content":{"rendered":"\n<p>Last update:\u00a025.10.2023<\/p>\n\n\n\n<h2 class=\"wp-block-heading\">Our delivery terms in Switzerland for private customers<\/h2>\n\n\n\n<p>Delivery within Switzerland is free of charge for all orders over CHF 75.<\/p>\n\n\n\n<p>For orders of less than CHF 75, a delivery charge of CHF 9.50 will be applied to your order.<\/p>\n\n\n\n<p>Once the order has been processed by our teams, it is handed over to the Swiss Post Office, which manages the delivery of the parcel.<\/p>\n\n\n\n<h2 class=\"wp-block-heading\">Our conditions for deliveries abroad for private customers<\/h2>\n\n\n\n<p>For private customers, deliveries are only possible within Switzerland.<\/p>\n\n\n\n<h2 class=\"wp-block-heading\">Our terms of delivery in Switzerland for businesses<\/h2>\n\n\n\n<p>Quantity orders for companies must be placed by telephone or e-mail. For all enquiries, please contact us at : <a href=\"mailto:clientsentreprises@du-rhone.ch\">clientsentreprises@du-rhone.ch<\/a>.<\/p>\n\n\n\n<h2 class=\"wp-block-heading\">Our international delivery terms for companies<\/h2>\n\n\n\n<p>Shipments for companies abroad are possible, however, delivery and processing costs will be at your expense. In order to identify your needs and make you an offer, please contact us at the following address : <a href=\"mailto:clientsentreprises@du-rhone.ch\">clientsentreprises@du-rhone.ch<\/a>.<\/p>\n","protected":false},"excerpt":{"rendered":"<p>Last update:\u00a025.10.2023 Our delivery terms in Switzerland for private customers Delivery within Switzerland is free of charge for all orders over CHF 75. For orders of less than CHF 75, a delivery charge of CHF 9.50 will be applied to your order. Once the order has been processed by our teams, it is handed over [&hellip;]<\/p>\n","protected":false},"author":286,"featured_media":0,"parent":0,"menu_order":0,"comment_status":"closed","ping_status":"closed","template":"templates\/template-page.php","meta":{"_acf_changed":false,"footnotes":""},"class_list":["post-5099","page","type-page","status-publish","hentry"],"acf":[],"yoast_head":"<!-- This site is optimized with the Yoast SEO plugin v27.3 - https:\/\/yoast.com\/product\/yoast-seo-wordpress\/ -->\n<title>Terms of delivery - Du Rh\u00f4ne - Haute Chocolaterie Gen\u00e8ve - Suisse<\/title>\n<meta name=\"robots\" content=\"index, follow, max-snippet:-1, max-image-preview:large, max-video-preview:-1\" \/>\n<link rel=\"canonical\" href=\"https:\/\/durhonechocolatier.ch\/en\/terms-of-delivery\/\" \/>\n<meta property=\"og:locale\" content=\"en_US\" \/>\n<meta property=\"og:type\" content=\"article\" \/>\n<meta property=\"og:title\" content=\"Terms of delivery - Du Rh\u00f4ne - Haute Chocolaterie Gen\u00e8ve - Suisse\" \/>\n<meta property=\"og:description\" content=\"Last update:\u00a025.10.2023 Our delivery terms in Switzerland for private customers Delivery within Switzerland is free of charge for all orders over CHF 75. For orders of less than CHF 75, a delivery charge of CHF 9.50 will be applied to your order. Once the order has been processed by our teams, it is handed over [&hellip;]\" \/>\n<meta property=\"og:url\" content=\"https:\/\/durhonechocolatier.ch\/en\/terms-of-delivery\/\" \/>\n<meta property=\"og:site_name\" content=\"Du Rh\u00f4ne - Haute Chocolaterie Gen\u00e8ve - Suisse\" \/>\n<meta property=\"article:modified_time\" content=\"2023-10-25T10:30:13+00:00\" \/>\n<meta name=\"twitter:card\" content=\"summary_large_image\" \/>\n<meta name=\"twitter:label1\" content=\"Est. reading time\" \/>\n\t<meta name=\"twitter:data1\" content=\"1 minute\" \/>\n<script type=\"application\/ld+json\" class=\"yoast-schema-graph\">{\"@context\":\"https:\\\/\\\/schema.org\",\"@graph\":[{\"@type\":\"WebPage\",\"@id\":\"https:\\\/\\\/durhonechocolatier.ch\\\/en\\\/terms-of-delivery\\\/\",\"url\":\"https:\\\/\\\/durhonechocolatier.ch\\\/en\\\/terms-of-delivery\\\/\",\"name\":\"Terms of delivery - Du Rh\u00f4ne - Haute Chocolaterie Gen\u00e8ve - Suisse\",\"isPartOf\":{\"@id\":\"https:\\\/\\\/durhonechocolatier.ch\\\/#website\"},\"datePublished\":\"2023-07-28T07:26:23+00:00\",\"dateModified\":\"2023-10-25T10:30:13+00:00\",\"breadcrumb\":{\"@id\":\"https:\\\/\\\/durhonechocolatier.ch\\\/en\\\/terms-of-delivery\\\/#breadcrumb\"},\"inLanguage\":\"en-US\",\"potentialAction\":[{\"@type\":\"ReadAction\",\"target\":[\"https:\\\/\\\/durhonechocolatier.ch\\\/en\\\/terms-of-delivery\\\/\"]}]},{\"@type\":\"BreadcrumbList\",\"@id\":\"https:\\\/\\\/durhonechocolatier.ch\\\/en\\\/terms-of-delivery\\\/#breadcrumb\",\"itemListElement\":[{\"@type\":\"ListItem\",\"position\":1,\"name\":\"Accueil\",\"item\":\"https:\\\/\\\/durhonechocolatier.ch\\\/en\\\/\"},{\"@type\":\"ListItem\",\"position\":2,\"name\":\"Terms of delivery\"}]},{\"@type\":\"WebSite\",\"@id\":\"https:\\\/\\\/durhonechocolatier.ch\\\/#website\",\"url\":\"https:\\\/\\\/durhonechocolatier.ch\\\/\",\"name\":\"Du Rh\u00f4ne - Haute Chocolaterie Gen\u00e8ve - Suisse\",\"description\":\"Depuis 1875, notre chocolaterie produit ses chocolats dans le respect des traditions suisses dans son atelier situ\u00e9 au c\u0153ur de Gen\u00e8ve.\",\"potentialAction\":[{\"@type\":\"SearchAction\",\"target\":{\"@type\":\"EntryPoint\",\"urlTemplate\":\"https:\\\/\\\/durhonechocolatier.ch\\\/?s={search_term_string}\"},\"query-input\":{\"@type\":\"PropertyValueSpecification\",\"valueRequired\":true,\"valueName\":\"search_term_string\"}}],\"inLanguage\":\"en-US\"}]}<\/script>\n<!-- \/ Yoast SEO plugin. -->","yoast_head_json":{"title":"Terms of delivery - Du Rh\u00f4ne - Haute Chocolaterie Gen\u00e8ve - Suisse","robots":{"index":"index","follow":"follow","max-snippet":"max-snippet:-1","max-image-preview":"max-image-preview:large","max-video-preview":"max-video-preview:-1"},"canonical":"https:\/\/durhonechocolatier.ch\/en\/terms-of-delivery\/","og_locale":"en_US","og_type":"article","og_title":"Terms of delivery - Du Rh\u00f4ne - Haute Chocolaterie Gen\u00e8ve - Suisse","og_description":"Last update:\u00a025.10.2023 Our delivery terms in Switzerland for private customers Delivery within Switzerland is free of charge for all orders over CHF 75. For orders of less than CHF 75, a delivery charge of CHF 9.50 will be applied to your order. Once the order has been processed by our teams, it is handed over [&hellip;]","og_url":"https:\/\/durhonechocolatier.ch\/en\/terms-of-delivery\/","og_site_name":"Du Rh\u00f4ne - Haute Chocolaterie Gen\u00e8ve - Suisse","article_modified_time":"2023-10-25T10:30:13+00:00","twitter_card":"summary_large_image","twitter_misc":{"Est. reading time":"1 minute"},"schema":{"@context":"https:\/\/schema.org","@graph":[{"@type":"WebPage","@id":"https:\/\/durhonechocolatier.ch\/en\/terms-of-delivery\/","url":"https:\/\/durhonechocolatier.ch\/en\/terms-of-delivery\/","name":"Terms of delivery - Du Rh\u00f4ne - Haute Chocolaterie Gen\u00e8ve - Suisse","isPartOf":{"@id":"https:\/\/durhonechocolatier.ch\/#website"},"datePublished":"2023-07-28T07:26:23+00:00","dateModified":"2023-10-25T10:30:13+00:00","breadcrumb":{"@id":"https:\/\/durhonechocolatier.ch\/en\/terms-of-delivery\/#breadcrumb"},"inLanguage":"en-US","potentialAction":[{"@type":"ReadAction","target":["https:\/\/durhonechocolatier.ch\/en\/terms-of-delivery\/"]}]},{"@type":"BreadcrumbList","@id":"https:\/\/durhonechocolatier.ch\/en\/terms-of-delivery\/#breadcrumb","itemListElement":[{"@type":"ListItem","position":1,"name":"Accueil","item":"https:\/\/durhonechocolatier.ch\/en\/"},{"@type":"ListItem","position":2,"name":"Terms of delivery"}]},{"@type":"WebSite","@id":"https:\/\/durhonechocolatier.ch\/#website","url":"https:\/\/durhonechocolatier.ch\/","name":"Du Rh\u00f4ne - Haute Chocolaterie Gen\u00e8ve - Suisse","description":"Depuis 1875, notre chocolaterie produit ses chocolats dans le respect des traditions suisses dans son atelier situ\u00e9 au c\u0153ur de Gen\u00e8ve.","potentialAction":[{"@type":"SearchAction","target":{"@type":"EntryPoint","urlTemplate":"https:\/\/durhonechocolatier.ch\/?s={search_term_string}"},"query-input":{"@type":"PropertyValueSpecification","valueRequired":true,"valueName":"search_term_string"}}],"inLanguage":"en-US"}]}},"_links":{"self":[{"href":"https:\/\/durhonechocolatier.ch\/en\/wp-json\/wp\/v2\/pages\/5099","targetHints":{"allow":["GET"]}}],"collection":[{"href":"https:\/\/durhonechocolatier.ch\/en\/wp-json\/wp\/v2\/pages"}],"about":[{"href":"https:\/\/durhonechocolatier.ch\/en\/wp-json\/wp\/v2\/types\/page"}],"author":[{"embeddable":true,"href":"https:\/\/durhonechocolatier.ch\/en\/wp-json\/wp\/v2\/users\/286"}],"replies":[{"embeddable":true,"href":"https:\/\/durhonechocolatier.ch\/en\/wp-json\/wp\/v2\/comments?post=5099"}],"version-history":[{"count":6,"href":"https:\/\/durhonechocolatier.ch\/en\/wp-json\/wp\/v2\/pages\/5099\/revisions"}],"predecessor-version":[{"id":5255,"href":"https:\/\/durhonechocolatier.ch\/en\/wp-json\/wp\/v2\/pages\/5099\/revisions\/5255"}],"wp:attachment":[{"href":"https:\/\/durhonechocolatier.ch\/en\/wp-json\/wp\/v2\/media?parent=5099"}],"curies":[{"name":"wp","href":"https:\/\/api.w.org\/{rel}","templated":true}]}}