



{"id":5100,"date":"2023-08-07T10:46:37","date_gmt":"2023-08-07T08:46:37","guid":{"rendered":"https:\/\/durhonechocolatier.ch\/?page_id=5100"},"modified":"2023-08-07T11:24:43","modified_gmt":"2023-08-07T09:24:43","slug":"data-policy","status":"publish","type":"page","link":"https:\/\/durhonechocolatier.ch\/en\/data-policy\/","title":{"rendered":"Data policy"},"content":{"rendered":"\n<h2 class=\"wp-block-heading\"><strong>Data policy<\/strong><\/h2>\n\n\n\n<p>Last update:&nbsp;28.07.2023<\/p>\n\n\n\n<h3 class=\"wp-block-heading\"><strong>Contexte g\u00e9n\u00e9ral<\/strong><\/h3>\n\n\n\n<p>Du Rh\u00f4ne Chocolatier SA pays particular attention to data protection in order to respect the private sphere. With this in mind, Du Rh\u00f4ne Chocolatier SA is committed to complying with the Federal Data Protection Act and the European General Data Protection Regulation (EU GDPR).<\/p>\n\n\n\n<h3 class=\"wp-block-heading\"><strong>How do you collect my data?<\/strong><\/h3>\n\n\n\n<p>When you browse our site, we collect various types of information. This information is only accessible to the technical department, which is bound by professional secrecy. This data is used to ensure the security and smooth operation of our site.<\/p>\n\n\n\n<h3 class=\"wp-block-heading\"><strong>These are the areas in which your data is used:<\/strong><\/h3>\n\n\n\n<ul class=\"wp-block-list\">\n<li>Site connection data: data relating to your browser (IP address, browser name, etc.).<\/li>\n\n\n\n<li>Data from forms on our site.<\/li>\n\n\n\n<li>Data received in physical or digital mail that you send us.<\/li>\n<\/ul>\n\n\n\n<h3 class=\"wp-block-heading\"><strong>Where do you store my data?<\/strong><\/h3>\n\n\n\n<p>Your data is stored on secure Swiss servers. They are equipped with the latest hardware technology and benefit from the best protection.<\/p>\n\n\n\n<h3 class=\"wp-block-heading\"><strong>What do we do with the data we collect?<\/strong><\/h3>\n\n\n\n<p>Du Rh\u00f4ne Chocolatier SA undertakes not to sell the data collected to third parties. Your data is protected and only used in the context of your relationship with Du Rh\u00f4ne Chocolatier SA.<\/p>\n\n\n\n<h3 class=\"wp-block-heading\"><strong>Cookies<\/strong><\/h3>\n\n\n\n<p>These are small files stored in your browser for a set period of time. They are used to store your browsing data, such as your choice of language. On this site, they are intended for statistical purposes; no personal data of any kind whatsoever is sold or given to legal or natural persons. This data is only used to analyse traffic on our site and to analyse its security and smooth operation.<\/p>\n\n\n\n<h3 class=\"wp-block-heading\"><strong>What rights do I have regarding my data?<\/strong><\/h3>\n\n\n\n<p>You may at any time request the total deletion of all data concerning you (art. 17 RGPD), this is the &#8220;right to be forgotten&#8221;.<\/p>\n\n\n\n<p>You may at any time request a &#8220;copy&#8221; of the data concerning you (art. 20 RGPD) &#8211; this is the right to &#8220;data portability&#8221;.<\/p>\n\n\n\n<p>You can find the list of applicable laws by consulting the federal law on data protection.<\/p>\n\n\n\n<p>If you have any queries, please send us an email to <a href=\"mailto:info@du-rhone.ch\">info@du-rhone.ch<\/a>. We will deal with your request as quickly as possible, within a maximum of one month. In order to process your request, we will ask you for proof of your identity, for obvious reasons of confidentiality and personal identification.<\/p>\n\n\n\n<h3 class=\"wp-block-heading\"><strong>Who is responsible for the data?<\/strong><\/h3>\n\n\n\n<p>In accordance with the applicable regulations, Du Rh\u00f4ne Chocolatier SA is responsible for processing your data.<\/p>\n\n\n\n<h3 class=\"wp-block-heading\"><strong>Who can I contact?<\/strong><\/h3>\n\n\n\n<p>If you have any questions or requests concerning this policy, please contact<a href=\"mailto:info@du-rhone.ch\"> info@du-rhone.ch<\/a> and we will be happy to answer you as quickly as possible.<\/p>\n","protected":false},"excerpt":{"rendered":"<p>Data policy Last update:&nbsp;28.07.2023 Contexte g\u00e9n\u00e9ral Du Rh\u00f4ne Chocolatier SA pays particular attention to data protection in order to respect the private sphere. With this in mind, Du Rh\u00f4ne Chocolatier SA is committed to complying with the Federal Data Protection Act and the European General Data Protection Regulation (EU GDPR). How do you collect my [&hellip;]<\/p>\n","protected":false},"author":286,"featured_media":0,"parent":0,"menu_order":0,"comment_status":"closed","ping_status":"closed","template":"templates\/template-page.php","meta":{"_acf_changed":false,"footnotes":""},"class_list":["post-5100","page","type-page","status-publish","hentry"],"acf":[],"yoast_head":"<!-- This site is optimized with the Yoast SEO plugin v27.3 - https:\/\/yoast.com\/product\/yoast-seo-wordpress\/ -->\n<title>Data policy - Du Rh\u00f4ne - Haute Chocolaterie Gen\u00e8ve - Suisse<\/title>\n<meta name=\"robots\" content=\"index, follow, max-snippet:-1, max-image-preview:large, max-video-preview:-1\" \/>\n<link rel=\"canonical\" href=\"https:\/\/durhonechocolatier.ch\/en\/data-policy\/\" \/>\n<meta property=\"og:locale\" content=\"en_US\" \/>\n<meta property=\"og:type\" content=\"article\" \/>\n<meta property=\"og:title\" content=\"Data policy - Du Rh\u00f4ne - Haute Chocolaterie Gen\u00e8ve - Suisse\" \/>\n<meta property=\"og:description\" content=\"Data policy Last update:&nbsp;28.07.2023 Contexte g\u00e9n\u00e9ral Du Rh\u00f4ne Chocolatier SA pays particular attention to data protection in order to respect the private sphere. With this in mind, Du Rh\u00f4ne Chocolatier SA is committed to complying with the Federal Data Protection Act and the European General Data Protection Regulation (EU GDPR). How do you collect my [&hellip;]\" \/>\n<meta property=\"og:url\" content=\"https:\/\/durhonechocolatier.ch\/en\/data-policy\/\" \/>\n<meta property=\"og:site_name\" content=\"Du Rh\u00f4ne - Haute Chocolaterie Gen\u00e8ve - Suisse\" \/>\n<meta property=\"article:modified_time\" content=\"2023-08-07T09:24:43+00:00\" \/>\n<meta name=\"twitter:card\" content=\"summary_large_image\" \/>\n<meta name=\"twitter:label1\" content=\"Est. reading time\" \/>\n\t<meta name=\"twitter:data1\" content=\"3 minutes\" \/>\n<script type=\"application\/ld+json\" class=\"yoast-schema-graph\">{\"@context\":\"https:\\\/\\\/schema.org\",\"@graph\":[{\"@type\":\"WebPage\",\"@id\":\"https:\\\/\\\/durhonechocolatier.ch\\\/en\\\/data-policy\\\/\",\"url\":\"https:\\\/\\\/durhonechocolatier.ch\\\/en\\\/data-policy\\\/\",\"name\":\"Data policy - Du Rh\u00f4ne - Haute Chocolaterie Gen\u00e8ve - Suisse\",\"isPartOf\":{\"@id\":\"https:\\\/\\\/durhonechocolatier.ch\\\/#website\"},\"datePublished\":\"2023-08-07T08:46:37+00:00\",\"dateModified\":\"2023-08-07T09:24:43+00:00\",\"breadcrumb\":{\"@id\":\"https:\\\/\\\/durhonechocolatier.ch\\\/en\\\/data-policy\\\/#breadcrumb\"},\"inLanguage\":\"en-US\",\"potentialAction\":[{\"@type\":\"ReadAction\",\"target\":[\"https:\\\/\\\/durhonechocolatier.ch\\\/en\\\/data-policy\\\/\"]}]},{\"@type\":\"BreadcrumbList\",\"@id\":\"https:\\\/\\\/durhonechocolatier.ch\\\/en\\\/data-policy\\\/#breadcrumb\",\"itemListElement\":[{\"@type\":\"ListItem\",\"position\":1,\"name\":\"Accueil\",\"item\":\"https:\\\/\\\/durhonechocolatier.ch\\\/en\\\/\"},{\"@type\":\"ListItem\",\"position\":2,\"name\":\"Data policy\"}]},{\"@type\":\"WebSite\",\"@id\":\"https:\\\/\\\/durhonechocolatier.ch\\\/#website\",\"url\":\"https:\\\/\\\/durhonechocolatier.ch\\\/\",\"name\":\"Du Rh\u00f4ne - Haute Chocolaterie Gen\u00e8ve - Suisse\",\"description\":\"Depuis 1875, notre chocolaterie produit ses chocolats dans le respect des traditions suisses dans son atelier situ\u00e9 au c\u0153ur de Gen\u00e8ve.\",\"potentialAction\":[{\"@type\":\"SearchAction\",\"target\":{\"@type\":\"EntryPoint\",\"urlTemplate\":\"https:\\\/\\\/durhonechocolatier.ch\\\/?s={search_term_string}\"},\"query-input\":{\"@type\":\"PropertyValueSpecification\",\"valueRequired\":true,\"valueName\":\"search_term_string\"}}],\"inLanguage\":\"en-US\"}]}<\/script>\n<!-- \/ Yoast SEO plugin. -->","yoast_head_json":{"title":"Data policy - Du Rh\u00f4ne - Haute Chocolaterie Gen\u00e8ve - Suisse","robots":{"index":"index","follow":"follow","max-snippet":"max-snippet:-1","max-image-preview":"max-image-preview:large","max-video-preview":"max-video-preview:-1"},"canonical":"https:\/\/durhonechocolatier.ch\/en\/data-policy\/","og_locale":"en_US","og_type":"article","og_title":"Data policy - Du Rh\u00f4ne - Haute Chocolaterie Gen\u00e8ve - Suisse","og_description":"Data policy Last update:&nbsp;28.07.2023 Contexte g\u00e9n\u00e9ral Du Rh\u00f4ne Chocolatier SA pays particular attention to data protection in order to respect the private sphere. With this in mind, Du Rh\u00f4ne Chocolatier SA is committed to complying with the Federal Data Protection Act and the European General Data Protection Regulation (EU GDPR). How do you collect my [&hellip;]","og_url":"https:\/\/durhonechocolatier.ch\/en\/data-policy\/","og_site_name":"Du Rh\u00f4ne - Haute Chocolaterie Gen\u00e8ve - Suisse","article_modified_time":"2023-08-07T09:24:43+00:00","twitter_card":"summary_large_image","twitter_misc":{"Est. reading time":"3 minutes"},"schema":{"@context":"https:\/\/schema.org","@graph":[{"@type":"WebPage","@id":"https:\/\/durhonechocolatier.ch\/en\/data-policy\/","url":"https:\/\/durhonechocolatier.ch\/en\/data-policy\/","name":"Data policy - Du Rh\u00f4ne - Haute Chocolaterie Gen\u00e8ve - Suisse","isPartOf":{"@id":"https:\/\/durhonechocolatier.ch\/#website"},"datePublished":"2023-08-07T08:46:37+00:00","dateModified":"2023-08-07T09:24:43+00:00","breadcrumb":{"@id":"https:\/\/durhonechocolatier.ch\/en\/data-policy\/#breadcrumb"},"inLanguage":"en-US","potentialAction":[{"@type":"ReadAction","target":["https:\/\/durhonechocolatier.ch\/en\/data-policy\/"]}]},{"@type":"BreadcrumbList","@id":"https:\/\/durhonechocolatier.ch\/en\/data-policy\/#breadcrumb","itemListElement":[{"@type":"ListItem","position":1,"name":"Accueil","item":"https:\/\/durhonechocolatier.ch\/en\/"},{"@type":"ListItem","position":2,"name":"Data policy"}]},{"@type":"WebSite","@id":"https:\/\/durhonechocolatier.ch\/#website","url":"https:\/\/durhonechocolatier.ch\/","name":"Du Rh\u00f4ne - Haute Chocolaterie Gen\u00e8ve - Suisse","description":"Depuis 1875, notre chocolaterie produit ses chocolats dans le respect des traditions suisses dans son atelier situ\u00e9 au c\u0153ur de Gen\u00e8ve.","potentialAction":[{"@type":"SearchAction","target":{"@type":"EntryPoint","urlTemplate":"https:\/\/durhonechocolatier.ch\/?s={search_term_string}"},"query-input":{"@type":"PropertyValueSpecification","valueRequired":true,"valueName":"search_term_string"}}],"inLanguage":"en-US"}]}},"_links":{"self":[{"href":"https:\/\/durhonechocolatier.ch\/en\/wp-json\/wp\/v2\/pages\/5100","targetHints":{"allow":["GET"]}}],"collection":[{"href":"https:\/\/durhonechocolatier.ch\/en\/wp-json\/wp\/v2\/pages"}],"about":[{"href":"https:\/\/durhonechocolatier.ch\/en\/wp-json\/wp\/v2\/types\/page"}],"author":[{"embeddable":true,"href":"https:\/\/durhonechocolatier.ch\/en\/wp-json\/wp\/v2\/users\/286"}],"replies":[{"embeddable":true,"href":"https:\/\/durhonechocolatier.ch\/en\/wp-json\/wp\/v2\/comments?post=5100"}],"version-history":[{"count":4,"href":"https:\/\/durhonechocolatier.ch\/en\/wp-json\/wp\/v2\/pages\/5100\/revisions"}],"predecessor-version":[{"id":5214,"href":"https:\/\/durhonechocolatier.ch\/en\/wp-json\/wp\/v2\/pages\/5100\/revisions\/5214"}],"wp:attachment":[{"href":"https:\/\/durhonechocolatier.ch\/en\/wp-json\/wp\/v2\/media?parent=5100"}],"curies":[{"name":"wp","href":"https:\/\/api.w.org\/{rel}","templated":true}]}}